{"id":380,"date":"2021-09-03T11:49:36","date_gmt":"2021-09-03T14:49:36","guid":{"rendered":"https:\/\/talkday.idevelopers.com.br\/?page_id=380"},"modified":"2021-09-08T16:06:30","modified_gmt":"2021-09-08T19:06:30","slug":"cadastrar","status":"publish","type":"page","link":"https:\/\/talkday.idevelopers.com.br\/index.php\/cadastrar\/","title":{"rendered":"Cadastrar-se"},"content":{"rendered":"\t\t<div data-elementor-type=\"wp-page\" data-elementor-id=\"380\" class=\"elementor elementor-380\" data-elementor-settings=\"[]\">\n\t\t\t\t\t\t\t<div class=\"elementor-section-wrap\">\n\t\t\t\t\t\t\t<section class=\"elementor-section elementor-top-section elementor-element elementor-element-ca77d8c elementor-section-height-full elementor-section-stretched elementor-section-boxed elementor-section-height-default elementor-section-items-middle\" data-id=\"ca77d8c\" data-element_type=\"section\" data-settings=\"{&quot;stretch_section&quot;:&quot;section-stretched&quot;,&quot;background_background&quot;:&quot;gradient&quot;}\">\n\t\t\t\t\t\t<div class=\"elementor-container elementor-column-gap-default\">\n\t\t\t\t\t<div class=\"elementor-column elementor-col-25 elementor-top-column elementor-element elementor-element-39dc728\" data-id=\"39dc728\" data-element_type=\"column\">\n\t\t\t<div class=\"elementor-widget-wrap\">\n\t\t\t\t\t\t\t\t\t<\/div>\n\t\t<\/div>\n\t\t\t\t<div class=\"elementor-column elementor-col-50 elementor-top-column elementor-element elementor-element-ef69a43\" data-id=\"ef69a43\" data-element_type=\"column\" data-settings=\"{&quot;background_background&quot;:&quot;classic&quot;}\">\n\t\t\t<div class=\"elementor-widget-wrap elementor-element-populated\">\n\t\t\t\t\t\t\t\t<div class=\"elementor-element elementor-element-3abb99a elementor-widget elementor-widget-heading\" data-id=\"3abb99a\" data-element_type=\"widget\" data-widget_type=\"heading.default\">\n\t\t\t\t<div class=\"elementor-widget-container\">\n\t\t\t<h3 class=\"elementor-heading-title elementor-size-default\">Cadastrar-se<\/h3>\t\t<\/div>\n\t\t\t\t<\/div>\n\t\t\t\t<div class=\"elementor-element elementor-element-1f13e58 elementor-widget elementor-widget-shortcode\" data-id=\"1f13e58\" data-element_type=\"widget\" data-widget_type=\"shortcode.default\">\n\t\t\t\t<div class=\"elementor-widget-container\">\n\t\t\t\t\t<div class=\"elementor-shortcode\">\t<div class='user-registration ur-frontend-form  ' id='user-registration-form-439'>\n\t\t<form method='post' class='register' data-form-id=\"439\"\n\t\t\t  data-enable-strength-password=\"\" data-minimum-password-strength=\"3\"  data-captcha-enabled=\"\">\n\n\t\t\t\t\t\t\t\t\t<div class='ur-form-row'>\n\t\t\t\t\t\t\t\t\t\t\t\t\t\t\t\t<div class=\"ur-form-grid ur-grid-1\"\n\t\t\t\t\t\t\t\t\t\t\t style=\"width:99%\">\n\t\t\t\t\t\t\t\t\t\t\t\t\t\t\t\t\t\t\t\t\t\t\t\t<div  data-field-id=\"user_email\" class=\"ur-field-item field-user_email \">\n\t\t\t\t\t\t\t\t\t\t\t\t\t<div class=\"form-row validate-required\" id=\"user_email_field\" data-priority=\"\" ><label for=\"user_email\" class=\"ur-label\">E-mail <abbr class=\"required\" title=\"required\">*<\/abbr><\/label> <span class=\"input-wrapper\"> <input data-rules=\"\" data-id=\"user_email\" type=\"email\" class=\"input-text without_icon input-email ur-frontend-field  \" name=\"user_email\" id=\"user_email\" placeholder=\"exemplo@exemplo.com\"  value=\"\" required=\"required\" data-label=\"E-mail\" \/> <\/span> <\/div>\t\t\t\t\t\t\t\t\t\t\t\t\t\t\t<\/div>\n\t\t\t\t\t\t\t\t\t\t\t\t\t\t\t\t\t\t\t\t\t\t\t\t\t\t\t\t<div  data-field-id=\"user_login\" class=\"ur-field-item field-user_login \">\n\t\t\t\t\t\t\t\t\t\t\t\t\t<div class=\"form-row validate-required\" id=\"user_login_field\" data-priority=\"\" ><label for=\"user_login\" class=\"ur-label\">Nome de usu\u00e1rio <abbr class=\"required\" title=\"required\">*<\/abbr><\/label> <span class=\"input-wrapper\"> <input data-rules=\"\" data-id=\"user_login\" type=\"text\" class=\"input-text without_icon input-text ur-frontend-field  \" name=\"user_login\" id=\"user_login\" placeholder=\"Ex: Gi\"  value=\"\" required=\"required\" data-label=\"Nome de usu\u00e1rio\" data-username-character=\"yes\"\/> <\/span> <span class=\"description\">(N\u00e3o \u00e9 poss\u00edvel alterar nomes de usu\u00e1rio)<\/span><\/div>\t\t\t\t\t\t\t\t\t\t\t\t\t\t\t<\/div>\n\t\t\t\t\t\t\t\t\t\t\t\t\t\t\t\t\t\t\t\t\t\t\t\t\t\t\t\t<div  data-field-id=\"select_1631802024\" class=\"ur-field-item field-select \">\n\t\t\t\t\t\t\t\t\t\t\t\t\t<div class=\"form-row \" id=\"select_1631802024_field\" data-priority=\"\" ><label for=\"select_1631802024\" class=\"ur-label\">G\u00eanero<\/label><select data-rules=\"\" data-id=\"select_1631802024\" name=\"select_1631802024\" id=\"select_1631802024\" class=\"select ur-frontend-field  \" data-label=\"G\u00eanero\" data-allow_clear=\"true\" data-placeholder=\"Selecionar\">\n\t\t\t\t\t\t\t<option value=\"\" selected disabled>Selecionar<\/option><option value=\"Feminino\" >Feminino<\/option><option value=\"Masculino\" >Masculino<\/option><option value=\"Outro\" >Outro<\/option>\n\t\t\t\t\t\t<\/select><\/div>\t\t\t\t\t\t\t\t\t\t\t\t\t\t\t<\/div>\n\t\t\t\t\t\t\t\t\t\t\t\t\t\t\t\t\t\t\t\t\t\t\t\t\t\t\t\t<div  data-field-id=\"user_pass\" class=\"ur-field-item field-user_pass \">\n\t\t\t\t\t\t\t\t\t\t\t\t\t<div class=\"form-row validate-required hide_show_password\" id=\"user_pass_field\" data-priority=\"\"><label for=\"user_pass\" class=\"ur-label\">Senha <abbr class=\"required\" title=\"required\">*<\/abbr><\/label> <span class=\"input-wrapper\"> <span class=\"password-input-group input-form-field-icons\"><input data-rules=\"\" data-id=\"user_pass\" type=\"password\" class=\"input-text without_icon input-password ur-frontend-field  \" name=\"user_pass\" id=\"user_pass\" placeholder=\"*************\"  value=\"\" required=\"required\" data-label=\"Senha\" \/><a href=\"javaScript:void(0)\" class=\"password_preview dashicons dashicons-hidden\" title=\" Show password \"><\/a><\/span> <\/span> <\/div>\t\t\t\t\t\t\t\t\t\t\t\t\t\t\t<\/div>\n\t\t\t\t\t\t\t\t\t\t\t\t\t\t\t\t\t\t\t\t\t\t\t\t\t\t\t\t<div  data-field-id=\"user_confirm_password\" class=\"ur-field-item field-user_confirm_password \">\n\t\t\t\t\t\t\t\t\t\t\t\t\t<div class=\"form-row validate-required hide_show_password\" id=\"user_confirm_password_field\" data-priority=\"\"><label for=\"user_confirm_password\" class=\"ur-label\">Confirmar senha <abbr class=\"required\" title=\"required\">*<\/abbr><\/label> <span class=\"input-wrapper\"> <span class=\"password-input-group input-form-field-icons\"><input data-rules=\"\" data-id=\"user_confirm_password\" type=\"password\" class=\"input-text without_icon input-password ur-frontend-field  \" name=\"user_confirm_password\" id=\"user_confirm_password\" placeholder=\"**************\"  value=\"\" required=\"required\" data-label=\"Confirmar senha\" \/><a href=\"javaScript:void(0)\" class=\"password_preview dashicons dashicons-hidden\" title=\" Show password \"><\/a><\/span> <\/span> <\/div>\t\t\t\t\t\t\t\t\t\t\t\t\t\t\t<\/div>\n\t\t\t\t\t\t\t\t\t\t\t\t\t\t\t\t\t\t\t\t\t\t\t<\/div>\n\t\t\t\t\t\t\t\t\t\t\t\t\t\t\t<\/div>\n\t\t\t\t\t\t\t\t\t\t\t\t\t\t<div class=\"ur-button-container \" >\n\t\t\t\t\t\t\t\t\t\t\t\t<button type=\"submit\" class=\"btn button ur-submit-button cadastrar\">\n\t\t\t\t\t\t\t<span><\/span>\n\t\t\t\t\t\t\tCadastrar\t\t\t\t\t\t<\/button>\n\t\t\t\t\t\t\t\t\t\t\t\t\t\t\t\t\t<\/div>\n\t\t\t\t\t\n\t\t\t<div style=\"clear:both\"><\/div>\n\t\t\t\t\t\t<input type=\"hidden\" name=\"ur-user-form-id\" value=\"439\"\/>\n\t\t\t<input type=\"hidden\" name=\"ur-redirect-url\" value=\"\"\/>\n\t\t\t<input type=\"hidden\" id=\"ur_frontend_form_nonce\" name=\"ur_frontend_form_nonce\" value=\"71cc2d23fb\" \/>\n\t\t\t\t\t<\/form>\n\n\t\t<div style=\"clear:both\"><\/div>\n\t<\/div>\n<\/div>\n\t\t\t\t<\/div>\n\t\t\t\t<\/div>\n\t\t\t\t\t<\/div>\n\t\t<\/div>\n\t\t\t\t<div class=\"elementor-column elementor-col-25 elementor-top-column elementor-element elementor-element-3e5929d\" data-id=\"3e5929d\" data-element_type=\"column\">\n\t\t\t<div class=\"elementor-widget-wrap\">\n\t\t\t\t\t\t\t\t\t<\/div>\n\t\t<\/div>\n\t\t\t\t\t\t\t<\/div>\n\t\t<\/section>\n\t\t\t\t\t\t<\/div>\n\t\t\t\t\t<\/div>\n\t\t","protected":false},"excerpt":{"rendered":"<p>Cadastrar-se<\/p>\n","protected":false},"author":1,"featured_media":0,"parent":0,"menu_order":0,"comment_status":"closed","ping_status":"closed","template":"elementor_canvas","meta":[],"_links":{"self":[{"href":"https:\/\/talkday.idevelopers.com.br\/index.php\/wp-json\/wp\/v2\/pages\/380"}],"collection":[{"href":"https:\/\/talkday.idevelopers.com.br\/index.php\/wp-json\/wp\/v2\/pages"}],"about":[{"href":"https:\/\/talkday.idevelopers.com.br\/index.php\/wp-json\/wp\/v2\/types\/page"}],"author":[{"embeddable":true,"href":"https:\/\/talkday.idevelopers.com.br\/index.php\/wp-json\/wp\/v2\/users\/1"}],"replies":[{"embeddable":true,"href":"https:\/\/talkday.idevelopers.com.br\/index.php\/wp-json\/wp\/v2\/comments?post=380"}],"version-history":[{"count":63,"href":"https:\/\/talkday.idevelopers.com.br\/index.php\/wp-json\/wp\/v2\/pages\/380\/revisions"}],"predecessor-version":[{"id":520,"href":"https:\/\/talkday.idevelopers.com.br\/index.php\/wp-json\/wp\/v2\/pages\/380\/revisions\/520"}],"wp:attachment":[{"href":"https:\/\/talkday.idevelopers.com.br\/index.php\/wp-json\/wp\/v2\/media?parent=380"}],"curies":[{"name":"wp","href":"https:\/\/api.w.org\/{rel}","templated":true}]}}